{"id":120,"date":"2020-10-20T21:12:49","date_gmt":"2020-10-20T21:12:49","guid":{"rendered":"https:\/\/segurosenpuebla.com.mx\/productos\/?page_id=120"},"modified":"2020-11-03T23:13:24","modified_gmt":"2020-11-03T23:13:24","slug":"estudios-para-determinar-sumas-aseguradas","status":"publish","type":"page","link":"https:\/\/segurosenpuebla.com.mx\/productos\/estudios-para-determinar-sumas-aseguradas\/","title":{"rendered":"Estudios Para Determinar Sumas Aseguradas"},"content":{"rendered":"<h3>Tipos de Estudios para Determinar Sumas Aseguradas<\/h3>\n<p>Estudios para Determinar Sumas Aseguradas.- Todas las empresas, comercio o industria, requieren tener la certeza de que el valor con el que est\u00e1n asegurando su patrimonio en el caso de las p\u00f3lizas empresariales, es el correcto y que en caso de un siniestro contar\u00e1n con los recursos necesarios para la continuidad del negocio.<\/p>\n<p>Asimismo, en los seguros ambientales o de responsabilidad civil, las autoridades competentes para otorgar diversos permisos o autorizaciones solicitan garant\u00edas, ya sea seguros o fianzas y cuyo monto debe de ser determinado a trav\u00e9s de un estudio espec\u00edfico.<\/p>\n<p>A continuaci\u00f3n te comentamos de tres de estos estudios que est\u00e1n disponibles para estos efectos.<\/p>\n<h4>Estudio de Estimaci\u00f3n o Apreciaci\u00f3n de Valor<\/h4>\n<p>El Estudio de Apreciaci\u00f3n o Estimaci\u00f3n de Valor es un ejercicio aritm\u00e9tico, basado en metodolog\u00edas universalmente aceptadas.<\/p>\n<p>Fundamentado en una inspecci\u00f3n ocular de los activos y la informaci\u00f3n entregada por el cliente, empleando la metodolog\u00eda de valores unitarios y volumetr\u00eda factorial el cual se realiza en cortos periodos de tiempo y otorga valores con precisiones muy aproximadas a la realidad.<\/p>\n<p>Sirve para conocer los valores actuales y de reposici\u00f3n de los intereses asegurados, en el tiempo y forma definidos, con la calidad establecida.<\/p>\n<h4>Beneficios del Estudio de Apreciaci\u00f3n de Valor<\/h4>\n<p>Conocimiento claro de los valores de mercado de los Intereses asegurados.<\/p>\n<ul>\n<li>Replanteamiento de sumas aseguradas.<\/li>\n<li>Mejoramiento de las condiciones econ\u00f3micas de su cobertura de riesgos.<\/li>\n<li>Eliminaci\u00f3n de sumas aseguradas basadas en procedimientos Contables o fiscales, no siempre reales.<\/li>\n<li>Contrataci\u00f3n de p\u00f3lizas claras y funcionales.<\/li>\n<li>Manejo transparente, claro y fluido de reclamos.<\/li>\n<li>Eliminar suposiciones o estimaciones inadecuadamente fundamentadas.<\/li>\n<li>Simplificaci\u00f3n operativa del \u00e1rea de administraci\u00f3n de riesgos.<\/li>\n<\/ul>\n<p>Es muy importante se\u00f1alar que un Estudio de Apreciaci\u00f3n de Valor no es un Aval\u00fao, por lo que no tiene valor oficial, fiscal o financiero en transacciones de compra venta, demandas o pleitos legales, sin embargo es una herramienta invaluable para toma de decisiones y su costo de elaboraci\u00f3n es muy inferior al de un aval\u00fao formal.<\/p>\n<p>Tambi\u00e9n este estudio cumple con las normas NIIF ( Las Normas Internacionales de Informaci\u00f3n Financiera, en ingles conocidas como IFRS (International Financial Reporting Standars).<\/p>\n<h4>Estudio de P\u00e9rdida M\u00e1xima Probable PML<\/h4>\n<p>El Estudio de P\u00e9rdida M\u00e1xima Probable ( PML por sus siglas en ingl\u00e9s ) es la estimaci\u00f3n del nivel de p\u00e9rdidas posible y probable que una organizaci\u00f3n pueda tener a causa de un eventual siniestro. Es el valor m\u00e1ximo sujeto a destrucci\u00f3n bajo un determinado riesgo.<\/p>\n<p>Es decir, es el c\u00e1lculo de las p\u00e9rdidas financieras en el peor escenario que se pueda presentar.<\/p>\n<p>Este estudio se utiliza para que las empresas, industrias o cualquier otra entidad privada o p\u00fablica puedan tomar decisiones informadas con respecto al nivel de cobertura y sumas aseguradas que se requieren contratar para los diversos riesgos.<\/p>\n<h4>Estudio T\u00e9cnico Econ\u00f3mico ( ETE )<\/h4>\n<p>En el tr\u00e1mite de diversas autorizaciones ante Dependencias o Entidades como SEMARNAT o ASEA , de acuerdo a la Ley General de Equilibrio Ecol\u00f3gico y la Protecci\u00f3n al Ambiente ( LGEEPA ) la Secretar\u00eda podr\u00e1 exigir el otorgamiento de seguros o garant\u00edas respecto del cumplimiento de las condiciones establecidas en la autorizaci\u00f3n.<\/p>\n<p>La determinaci\u00f3n el valor de esta garant\u00eda o de la suma asegurada debe de ser determinada de acuerdo a un Estudio T\u00e9cnico Econ\u00f3mico el cual debe contemplar el cumplimiento de los t\u00e9rminos y condicionantes enunciados en los oficios resolutivos de autorizaci\u00f3n correspondientes.<\/p>\n<p>Si requieres previo a la contrataci\u00f3n de tu seguro, contar con la realizaci\u00f3n de cualquiera delos estudios para determinar sumas aseguradas, cont\u00e1ctanos y con gusto te tramitamos una cotizaci\u00f3n con las empresas especializadas para la elaboraci\u00f3n de los mismos.<\/p>\n<p><a href=\"https:\/\/segurosenpuebla.com.mx\/productos\/poliza-de-seguro-empresarial-en-puebla\/\">Tambi\u00e9n te puede interesar la informaci\u00f3n acerca de la P\u00f3liza de Seguro Empresarial en Puebla<\/a><\/p>\n<p><a href=\"http:\/\/www.proventum.com.mx\" target=\"_blank\" rel=\"noopener noreferrer\">Si necesitas informaci\u00f3n acerca de cualquier tipo de seguro o de fianza visita nuestra p\u00e1gina www.proventum.com.mx<\/a><\/p>\n<p>SOLICITAR COTIZACI\u00d3N<\/p>\n<link rel=\"stylesheet\" type=\"text\/css\" href=\"https:\/\/proventum.info\/forms\/css\/forms.css\"><script src=\"https:\/\/www.google.com\/recaptcha\/api.js\"><\/script><script src=\"https:\/\/ajax.googleapis.com\/ajax\/libs\/jquery\/2.1.1\/jquery.min.js\"><\/script><script type=\"text\/javascript\" src=\"https:\/\/proventum.info\/forms\/js\/origen.js\"><\/script>\n\t<script type=\"text\/javascript\" src=\"https:\/\/segurosenpuebla.com.mx\/public\/js\/form.js\"><\/script>\n\t<br> <form class=\"forms\" id=\"cotizacion_form\" method=\"POST\" action=\"https:\/\/segurosenpuebla.com.mx\/productos\/enviar\/\" id=\"Cotizacion\">\n<div class=\"contenedor\">\n<div class=\"full-w\">\n<p>1.- SELECCIONA EL PRODUCTO DEL QUE SOLICITAS COTIZACI\u00d3N<\/p>\n<select class=\"form-control form-control-lg\" name=\"Opcion\" onchange=\"Seleccionar()\" required id=\"Opcion\">\n<option value=\"\">-Selecciona Una Opci\u00f3n-<\/option>\n<option value=\"SegurosParaEmpresas\">Seguros Para Empresas<\/option>\n<option value=\"SegurosParaPersonas\">Seguros Para Personas<\/option>\n<option value=\"SegurosEspecializados\">Seguros Especializados<\/option>\n<option value=\"Fianzas\">Fianzas<\/option>\n<option value=\"Servicios\">Servicios<\/option>\n<\/select><\/div>\n\n<div class=\"full-w\" id=\"Mas\" style=\"display: none;\">\n<select class=\"form-control form-control-lg\" name=\"SeguroEmpresas\" id=\"Empresa\" style=\"display: none;\">\n<option value=\"\">-Selecciona El Tipo De Seguro-<\/option>\n<option value=\"Poliza Empresarial\">P\u00f3liza Empresarial<\/option>\n<option value=\"Seguro de Vida Grupo\">Seguro de Vida Grupo<\/option>\n<option value=\"Seguro de Gastos Medicos Grupo\">Seguro de Gastos M\u00e9dicos Grupo<\/option>\n<option value=\"Seguro de Transporte de Mercancias\">Seguro de Transporte de Mercanc\u00edas<\/option>\n<option value=\"Seguro de Flotilla de Autos y Camiones\">Seguro de Flotilla de Autos y Camiones<\/option>\n<option value=\"Seguro de Responsabilidad Civil\">Seguro de Flotilla de Autos y Camiones<\/option>\n<option value=\"Otros\">Otros<\/option>\n<\/select>\n\n<select class=\"form-control form-control-lg\" name=\"SeguroPersonales\" id=\"Persona\" style=\"display: none;\">\n<option value=\"\">-Selecciona El Tipo De Seguro-<\/option>\n<option value=\"Seguro de Vida\">Seguro de Vida<\/option>\n<option value=\"Seguro de Gastos Medicos\">Seguro de Gastos M\u00e9dicos<\/option>\n<option value=\"Seguro de Hogar\">Seguro de Hogar<\/option>\n<option value=\"Seguro de Auto\">Seguro de Auto<\/option>\n<option value=\"Otros\">Otros<\/option>\n<\/select>\n\n\n<select class=\"form-control form-control-lg\" name=\"SeguroEspecializado\" id=\"Especial\" style=\"display: none;\">\n<option value=\"\">-Selecciona El Tipo De Seguro-<\/option>\n<option value=\"Seguro Ambiental\">Seguro Ambiental<\/option>\n<option value=\"Seguro de Credito\">Seguro de Cr\u00e9dito<\/option>\n<option value=\"Seguro de Aviacion\">Seguro de Aviaci\u00f3n<\/option>\n<option value=\"Seguro de Protecci\u00f3n de Datos\">Seguro de Protecci\u00f3n de Datos<\/option>\n<option value=\"Seguros para Industrias\">Seguros para Industrias<\/option>\n<option value=\"Seguros Sector Energia\">Seguros Sector Energ\u00eda<\/option>\n<option value=\"Seguro de Responsabilidad Civil Profesional\">Seguro de Responsabilidad Civil Profesional<\/option>\n<option value=\"Otros\">Otros<\/option>\n<\/select>\n\n<select class=\"form-control form-control-lg\" name=\"Fianzas\" id=\"Fianzas\" style=\"display: none;\">\n<option value=\"\">-Selecciona El Tipo De Fianza-<\/option>\n<option value=\"Fianzas Administrativas\">Fianzas Administrativas<\/option>\n <option value=\"Fianzas Judiciales no Penales\">Fianzas Judiciales no Penales<\/option>\n <option value=\"Fianzas de Fidelidad\">Fianzas de Fidelidad<\/option>\n<option value=\"Otras Fianzas\">Otras Fianzas<\/option>\n<\/select>\n\n<select class=\"form-control form-control-lg\" name=\"Servicios\" id=\"Servicios\" style=\"display: none;\">\n<option value=\"\">-Selecciona El Tipo De Servicio-<\/option>\n<option value=\"Estudio de Estimaciones de Valor\">Estudio de Estimaciones de Valor<\/option>\n <option value=\"Capacitaci\u00f3n en Seguros\">Capacitaci\u00f3n en Seguros<\/option>\n <option value=\"Auditor\u00eda de P\u00f3lizas\">Auditor\u00eda de P\u00f3lizas<\/option>\n <option value=\"Otros Servicios\">Otros Servicios<\/option>\n<\/select>\n\n<\/div>\n\n<div class=\"full-w\"> <p>2.- DATOS PARA CONTACTO<\/p> <div class=\"mitad-w\"> <input name=\"Nombre\" type=\"text\" class=\"form-control\" id=\"nombre\" placeholder=\"Nombre(s)\" required> <\/div> <div class=\"mitad-w\"> <input name=\"Apellidos\" type=\"text\" class=\"form-control\" id=\"Apellidos\" placeholder=\"Apellidos\" required> <\/div><\/div><div class=\"full-w\"> <div class=\"mitad-w\"> <input name=\"Direccion\" type=\"text\" class=\"form-control\" id=\"direccion\" placeholder=\"Direcci\u00f3n\" required> <\/div> <div class=\"mitad-w\"> <input name=\"Ciudad\" type=\"text\" class=\"form-control\" id=\"Ciudad\" placeholder=\"Ciudad Y Estado\" required> <\/div><\/div><div class=\"full-w\"> <div class=\"mitad-w\"> <input name=\"Tel\" type=\"text\" class=\"form-control\" id=\"Tel\" placeholder=\"Tel\u00e9fono Fijo\" required> <\/div> <div class=\"mitad-w\"> <input name=\"Movil\" type=\"text\" class=\"form-control\" id=\"Movil\" placeholder=\"Tel\u00e9fono M\u00f3vil\" required> <\/div> <div class=\"mitad-w\"> <input type=\"email\" class=\"form-control\" id=\"Email\" placeholder=\"Email\" name=\"Email\" required> <\/div><\/div><div class=\"full-w\"> <p>3.- DATOS DE LA EMPRESA<\/p> <div class=\"mitad-w\"> <input name=\"Empresa\" type=\"text\" class=\"form-control\" id=\"Empresa\" placeholder=\"Empresa\" required> <\/div> <div class=\"mitad-w\"> <input name=\"Actividad\" type=\"text\" class=\"form-control\" id=\"Actividad\" placeholder=\"Actividad\" required> <\/div><\/div> <div class=\"full-w\"> <p>4.- COMENTARIOS<\/p> <textarea class=\"text-a\" id=\"Comentarios\" contenedors=\"3\" name=\"Comentarios\"><\/textarea> \n<input type=\"hidden\" name=\"Origen\" id=\"Origen\" required readonly=\"readonly\"> <p>*Al enviar este formulario Usted acepta nuestra <a href=\"https:\/\/segurosenpuebla.com.mx\/productos\/politica-de-privacidad\/\" target=\"_blank\">POL\u00cdTICA DE PRIVACIDAD<\/a><\/p> \n<div class=\"g-recaptcha\" data-sitekey=\"6LfraQkTAAAAACYQ-IEM0qbYLmf47Ju7Nzho1Ns0\"><\/div> <input class=\"btn-lg btn btn-outline-danger\" type=\"submit\" name=\"Enviar Solicitud\"><\/input> \n<\/div><\/div><\/form>\n","protected":false},"excerpt":{"rendered":"<p>Tipos de Estudios para Determinar Sumas Aseguradas Estudios para Determinar Sumas Aseguradas.- Todas las empresas, comercio o industria, requieren tener la certeza de que el valor con el que est\u00e1n asegurando su patrimonio en el caso de las p\u00f3lizas empresariales, es el correcto y que en caso de un siniestro contar\u00e1n con los recursos necesarios [&hellip;]<\/p>\n","protected":false},"author":1,"featured_media":245,"parent":0,"menu_order":0,"comment_status":"closed","ping_status":"closed","template":"template-nosidebar.php","meta":{"_acf_changed":false,"footnotes":""},"acf":[],"yoast_head":"<!-- This site is optimized with the Yoast SEO plugin v22.4 - https:\/\/yoast.com\/wordpress\/plugins\/seo\/ -->\n<title>Estudios Para Determinar Sumas Aseguradas - SegurosenPuebla.com.mx<\/title>\n<meta name=\"description\" content=\"Si necesitas uno de los estudios para determinar las sumas aseguradas que necesitas contratar, cotiza y contrata a trav\u00e9s de Proventum.\" \/>\n<meta name=\"robots\" content=\"index, follow, max-snippet:-1, max-image-preview:large, max-video-preview:-1\" \/>\n<link rel=\"canonical\" href=\"https:\/\/segurosenpuebla.com.mx\/productos\/estudios-para-determinar-sumas-aseguradas\/\" \/>\n<meta property=\"og:locale\" content=\"es_MX\" \/>\n<meta property=\"og:type\" content=\"article\" \/>\n<meta property=\"og:title\" content=\"Estudios Para Determinar Sumas Aseguradas - SegurosenPuebla.com.mx\" \/>\n<meta property=\"og:description\" content=\"Si necesitas uno de los estudios para determinar las sumas aseguradas que necesitas contratar, cotiza y contrata a trav\u00e9s de Proventum.\" \/>\n<meta property=\"og:url\" content=\"https:\/\/segurosenpuebla.com.mx\/productos\/estudios-para-determinar-sumas-aseguradas\/\" \/>\n<meta property=\"og:site_name\" content=\"SegurosenPuebla.com.mx\" \/>\n<meta property=\"article:modified_time\" content=\"2020-11-03T23:13:24+00:00\" \/>\n<meta property=\"og:image\" content=\"https:\/\/segurosenpuebla.com.mx\/productos\/wp-content\/uploads\/2020\/11\/Estudios-de-Estimaciones-de-Valor-opt.jpg\" \/>\n\t<meta property=\"og:image:width\" content=\"800\" \/>\n\t<meta property=\"og:image:height\" content=\"534\" \/>\n\t<meta property=\"og:image:type\" content=\"image\/jpeg\" \/>\n<meta name=\"twitter:card\" content=\"summary_large_image\" \/>\n<meta name=\"twitter:label1\" content=\"Tiempo de lectura\" \/>\n\t<meta name=\"twitter:data1\" content=\"4 minutos\" \/>\n<script type=\"application\/ld+json\" class=\"yoast-schema-graph\">{\"@context\":\"https:\/\/schema.org\",\"@graph\":[{\"@type\":\"WebPage\",\"@id\":\"https:\/\/segurosenpuebla.com.mx\/productos\/estudios-para-determinar-sumas-aseguradas\/\",\"url\":\"https:\/\/segurosenpuebla.com.mx\/productos\/estudios-para-determinar-sumas-aseguradas\/\",\"name\":\"Estudios Para Determinar Sumas Aseguradas - SegurosenPuebla.com.mx\",\"isPartOf\":{\"@id\":\"https:\/\/segurosenpuebla.com.mx\/productos\/#website\"},\"primaryImageOfPage\":{\"@id\":\"https:\/\/segurosenpuebla.com.mx\/productos\/estudios-para-determinar-sumas-aseguradas\/#primaryimage\"},\"image\":{\"@id\":\"https:\/\/segurosenpuebla.com.mx\/productos\/estudios-para-determinar-sumas-aseguradas\/#primaryimage\"},\"thumbnailUrl\":\"https:\/\/segurosenpuebla.com.mx\/productos\/wp-content\/uploads\/2020\/11\/Estudios-de-Estimaciones-de-Valor-opt.jpg\",\"datePublished\":\"2020-10-20T21:12:49+00:00\",\"dateModified\":\"2020-11-03T23:13:24+00:00\",\"description\":\"Si necesitas uno de los estudios para determinar las sumas aseguradas que necesitas contratar, cotiza y contrata a trav\u00e9s de Proventum.\",\"breadcrumb\":{\"@id\":\"https:\/\/segurosenpuebla.com.mx\/productos\/estudios-para-determinar-sumas-aseguradas\/#breadcrumb\"},\"inLanguage\":\"es\",\"potentialAction\":[{\"@type\":\"ReadAction\",\"target\":[\"https:\/\/segurosenpuebla.com.mx\/productos\/estudios-para-determinar-sumas-aseguradas\/\"]}]},{\"@type\":\"ImageObject\",\"inLanguage\":\"es\",\"@id\":\"https:\/\/segurosenpuebla.com.mx\/productos\/estudios-para-determinar-sumas-aseguradas\/#primaryimage\",\"url\":\"https:\/\/segurosenpuebla.com.mx\/productos\/wp-content\/uploads\/2020\/11\/Estudios-de-Estimaciones-de-Valor-opt.jpg\",\"contentUrl\":\"https:\/\/segurosenpuebla.com.mx\/productos\/wp-content\/uploads\/2020\/11\/Estudios-de-Estimaciones-de-Valor-opt.jpg\",\"width\":800,\"height\":534,\"caption\":\"Estudio para Determinar Sumas Aseguradas\"},{\"@type\":\"BreadcrumbList\",\"@id\":\"https:\/\/segurosenpuebla.com.mx\/productos\/estudios-para-determinar-sumas-aseguradas\/#breadcrumb\",\"itemListElement\":[{\"@type\":\"ListItem\",\"position\":1,\"name\":\"Portada\",\"item\":\"https:\/\/segurosenpuebla.com.mx\/productos\/\"},{\"@type\":\"ListItem\",\"position\":2,\"name\":\"Estudios Para Determinar Sumas Aseguradas\"}]},{\"@type\":\"WebSite\",\"@id\":\"https:\/\/segurosenpuebla.com.mx\/productos\/#website\",\"url\":\"https:\/\/segurosenpuebla.com.mx\/productos\/\",\"name\":\"SegurosenPuebla.com.mx\",\"description\":\"Seguros en Puebla\",\"potentialAction\":[{\"@type\":\"SearchAction\",\"target\":{\"@type\":\"EntryPoint\",\"urlTemplate\":\"https:\/\/segurosenpuebla.com.mx\/productos\/?s={search_term_string}\"},\"query-input\":\"required name=search_term_string\"}],\"inLanguage\":\"es\"}]}<\/script>\n<!-- \/ Yoast SEO plugin. -->","yoast_head_json":{"title":"Estudios Para Determinar Sumas Aseguradas - SegurosenPuebla.com.mx","description":"Si necesitas uno de los estudios para determinar las sumas aseguradas que necesitas contratar, cotiza y contrata a trav\u00e9s de Proventum.","robots":{"index":"index","follow":"follow","max-snippet":"max-snippet:-1","max-image-preview":"max-image-preview:large","max-video-preview":"max-video-preview:-1"},"canonical":"https:\/\/segurosenpuebla.com.mx\/productos\/estudios-para-determinar-sumas-aseguradas\/","og_locale":"es_MX","og_type":"article","og_title":"Estudios Para Determinar Sumas Aseguradas - SegurosenPuebla.com.mx","og_description":"Si necesitas uno de los estudios para determinar las sumas aseguradas que necesitas contratar, cotiza y contrata a trav\u00e9s de Proventum.","og_url":"https:\/\/segurosenpuebla.com.mx\/productos\/estudios-para-determinar-sumas-aseguradas\/","og_site_name":"SegurosenPuebla.com.mx","article_modified_time":"2020-11-03T23:13:24+00:00","og_image":[{"width":800,"height":534,"url":"https:\/\/segurosenpuebla.com.mx\/productos\/wp-content\/uploads\/2020\/11\/Estudios-de-Estimaciones-de-Valor-opt.jpg","type":"image\/jpeg"}],"twitter_card":"summary_large_image","twitter_misc":{"Tiempo de lectura":"4 minutos"},"schema":{"@context":"https:\/\/schema.org","@graph":[{"@type":"WebPage","@id":"https:\/\/segurosenpuebla.com.mx\/productos\/estudios-para-determinar-sumas-aseguradas\/","url":"https:\/\/segurosenpuebla.com.mx\/productos\/estudios-para-determinar-sumas-aseguradas\/","name":"Estudios Para Determinar Sumas Aseguradas - SegurosenPuebla.com.mx","isPartOf":{"@id":"https:\/\/segurosenpuebla.com.mx\/productos\/#website"},"primaryImageOfPage":{"@id":"https:\/\/segurosenpuebla.com.mx\/productos\/estudios-para-determinar-sumas-aseguradas\/#primaryimage"},"image":{"@id":"https:\/\/segurosenpuebla.com.mx\/productos\/estudios-para-determinar-sumas-aseguradas\/#primaryimage"},"thumbnailUrl":"https:\/\/segurosenpuebla.com.mx\/productos\/wp-content\/uploads\/2020\/11\/Estudios-de-Estimaciones-de-Valor-opt.jpg","datePublished":"2020-10-20T21:12:49+00:00","dateModified":"2020-11-03T23:13:24+00:00","description":"Si necesitas uno de los estudios para determinar las sumas aseguradas que necesitas contratar, cotiza y contrata a trav\u00e9s de Proventum.","breadcrumb":{"@id":"https:\/\/segurosenpuebla.com.mx\/productos\/estudios-para-determinar-sumas-aseguradas\/#breadcrumb"},"inLanguage":"es","potentialAction":[{"@type":"ReadAction","target":["https:\/\/segurosenpuebla.com.mx\/productos\/estudios-para-determinar-sumas-aseguradas\/"]}]},{"@type":"ImageObject","inLanguage":"es","@id":"https:\/\/segurosenpuebla.com.mx\/productos\/estudios-para-determinar-sumas-aseguradas\/#primaryimage","url":"https:\/\/segurosenpuebla.com.mx\/productos\/wp-content\/uploads\/2020\/11\/Estudios-de-Estimaciones-de-Valor-opt.jpg","contentUrl":"https:\/\/segurosenpuebla.com.mx\/productos\/wp-content\/uploads\/2020\/11\/Estudios-de-Estimaciones-de-Valor-opt.jpg","width":800,"height":534,"caption":"Estudio para Determinar Sumas Aseguradas"},{"@type":"BreadcrumbList","@id":"https:\/\/segurosenpuebla.com.mx\/productos\/estudios-para-determinar-sumas-aseguradas\/#breadcrumb","itemListElement":[{"@type":"ListItem","position":1,"name":"Portada","item":"https:\/\/segurosenpuebla.com.mx\/productos\/"},{"@type":"ListItem","position":2,"name":"Estudios Para Determinar Sumas Aseguradas"}]},{"@type":"WebSite","@id":"https:\/\/segurosenpuebla.com.mx\/productos\/#website","url":"https:\/\/segurosenpuebla.com.mx\/productos\/","name":"SegurosenPuebla.com.mx","description":"Seguros en Puebla","potentialAction":[{"@type":"SearchAction","target":{"@type":"EntryPoint","urlTemplate":"https:\/\/segurosenpuebla.com.mx\/productos\/?s={search_term_string}"},"query-input":"required name=search_term_string"}],"inLanguage":"es"}]}},"_links":{"self":[{"href":"https:\/\/segurosenpuebla.com.mx\/productos\/wp-json\/wp\/v2\/pages\/120"}],"collection":[{"href":"https:\/\/segurosenpuebla.com.mx\/productos\/wp-json\/wp\/v2\/pages"}],"about":[{"href":"https:\/\/segurosenpuebla.com.mx\/productos\/wp-json\/wp\/v2\/types\/page"}],"author":[{"embeddable":true,"href":"https:\/\/segurosenpuebla.com.mx\/productos\/wp-json\/wp\/v2\/users\/1"}],"replies":[{"embeddable":true,"href":"https:\/\/segurosenpuebla.com.mx\/productos\/wp-json\/wp\/v2\/comments?post=120"}],"version-history":[{"count":4,"href":"https:\/\/segurosenpuebla.com.mx\/productos\/wp-json\/wp\/v2\/pages\/120\/revisions"}],"predecessor-version":[{"id":366,"href":"https:\/\/segurosenpuebla.com.mx\/productos\/wp-json\/wp\/v2\/pages\/120\/revisions\/366"}],"wp:featuredmedia":[{"embeddable":true,"href":"https:\/\/segurosenpuebla.com.mx\/productos\/wp-json\/wp\/v2\/media\/245"}],"wp:attachment":[{"href":"https:\/\/segurosenpuebla.com.mx\/productos\/wp-json\/wp\/v2\/media?parent=120"}],"curies":[{"name":"wp","href":"https:\/\/api.w.org\/{rel}","templated":true}]}}